{"id":12,"date":"2022-12-19T11:51:45","date_gmt":"2022-12-19T11:51:45","guid":{"rendered":"http:\/\/www.sakelektrikmuhendislik.com\/?page_id=12"},"modified":"2022-12-29T14:32:02","modified_gmt":"2022-12-29T14:32:02","slug":"hakkimizda","status":"publish","type":"page","link":"http:\/\/www.sakelektrikmuhendislik.com\/index.php\/hakkimizda\/","title":{"rendered":"Hakk\u0131m\u0131zda"},"content":{"rendered":"\n<p class=\"has-extra-large-font-size\"><strong>Misyonumuz<\/strong><\/p>\n\n\n\n<p class=\"has-normal-font-size\">SAK Elektrik M\u00fchendislik<strong> <\/strong> olarak misyonumuz m\u00fc\u015fteri memnuniyeti, \u00e7evre duyarl\u0131l\u0131\u011f\u0131, i\u015f g\u00fcvenli\u011fi konular\u0131nda maksimum sorumluluk bilinciyle hareket ederek \u00fcstlendi\u011fimiz projeleri hedeflenen zamanda problemsiz bir \u015fekilde kaliteden \u00f6d\u00fcn vermeden hayata ge\u00e7irmektir.<\/p>\n\n\n\n<div style=\"height:100px\" aria-hidden=\"true\" class=\"wp-block-spacer\"><\/div>\n\n\n\n<p class=\"has-extra-large-font-size\"><strong>Vizyonumuz<\/strong><\/p>\n\n\n\n<p class=\"has-normal-font-size\">Alan\u0131nda \u00f6nc\u00fc, sayg\u0131 duyulan ve tercih edilen bir firma olarak varl\u0131\u011f\u0131m\u0131z\u0131 s\u00fcrd\u00fcrmek.<\/p>\n","protected":false},"excerpt":{"rendered":"<p>Misyonumuz SAK Elektrik M\u00fchendislik olarak misyonumuz m\u00fc\u015fteri memnuniyeti, \u00e7evre duyarl\u0131l\u0131\u011f\u0131, i\u015f g\u00fcvenli\u011fi konular\u0131nda maksimum sorumluluk bilinciyle hareket ederek \u00fcstlendi\u011fimiz projeleri hedeflenen zamanda problemsiz bir \u015fekilde kaliteden \u00f6d\u00fcn vermeden hayata ge\u00e7irmektir. Vizyonumuz Alan\u0131nda \u00f6nc\u00fc, sayg\u0131 duyulan ve tercih edilen bir firma olarak varl\u0131\u011f\u0131m\u0131z\u0131 s\u00fcrd\u00fcrmek.<\/p>\n","protected":false},"author":1,"featured_media":0,"parent":0,"menu_order":0,"comment_status":"closed","ping_status":"closed","template":"","meta":{"footnotes":""},"class_list":["post-12","page","type-page","status-publish","hentry"],"_links":{"self":[{"href":"http:\/\/www.sakelektrikmuhendislik.com\/index.php\/wp-json\/wp\/v2\/pages\/12","targetHints":{"allow":["GET"]}}],"collection":[{"href":"http:\/\/www.sakelektrikmuhendislik.com\/index.php\/wp-json\/wp\/v2\/pages"}],"about":[{"href":"http:\/\/www.sakelektrikmuhendislik.com\/index.php\/wp-json\/wp\/v2\/types\/page"}],"author":[{"embeddable":true,"href":"http:\/\/www.sakelektrikmuhendislik.com\/index.php\/wp-json\/wp\/v2\/users\/1"}],"replies":[{"embeddable":true,"href":"http:\/\/www.sakelektrikmuhendislik.com\/index.php\/wp-json\/wp\/v2\/comments?post=12"}],"version-history":[{"count":12,"href":"http:\/\/www.sakelektrikmuhendislik.com\/index.php\/wp-json\/wp\/v2\/pages\/12\/revisions"}],"predecessor-version":[{"id":496,"href":"http:\/\/www.sakelektrikmuhendislik.com\/index.php\/wp-json\/wp\/v2\/pages\/12\/revisions\/496"}],"wp:attachment":[{"href":"http:\/\/www.sakelektrikmuhendislik.com\/index.php\/wp-json\/wp\/v2\/media?parent=12"}],"curies":[{"name":"wp","href":"https:\/\/api.w.org\/{rel}","templated":true}]}}