{"id":24,"date":"2022-12-19T12:06:15","date_gmt":"2022-12-19T12:06:15","guid":{"rendered":"http:\/\/www.sakelektrikmuhendislik.com\/?page_id=24"},"modified":"2025-05-27T10:53:32","modified_gmt":"2025-05-27T10:53:32","slug":"iletisim","status":"publish","type":"page","link":"https:\/\/www.sakelektrikmuhendislik.com\/index.php\/iletisim\/","title":{"rendered":"\u0130leti\u015fim"},"content":{"rendered":"\n<h2 class=\"wp-block-heading\">Ma\u011faza<\/h2>\n\n\n\n<blockquote class=\"wp-block-quote is-layout-flow wp-block-quote-is-layout-flow\">\n<p class=\"has-large-font-size\">Yol\u00e7at\u0131 Mah. ATAT\u00dcRK(330) Cad. NO:26-34A, 16110 Ni\u0307l\u00fcfer\/BURSA<\/p>\n<\/blockquote>\n\n\n\n<div style=\"height:100px\" aria-hidden=\"true\" class=\"wp-block-spacer\"><\/div>\n\n\n\n<h2 class=\"wp-block-heading\">Mail<\/h2>\n\n\n\n<blockquote class=\"wp-block-quote is-layout-flow wp-block-quote-is-layout-flow\">\n<p class=\"has-large-font-size\">sakelektrik@gmail.com<\/p>\n\n\n\n<p class=\"has-large-font-size\">info@sakelektrikmuhendislik.com<\/p>\n<\/blockquote>\n\n\n\n<div style=\"height:100px\" aria-hidden=\"true\" class=\"wp-block-spacer\"><\/div>\n\n\n\n<h2 class=\"wp-block-heading\">Cep <\/h2>\n\n\n\n<blockquote class=\"wp-block-quote has-large-font-size is-layout-flow wp-block-quote-is-layout-flow\">\n<p>Ramazan Sak : 0 (543) 491 44 19<\/p>\n\n\n\n<p class=\"has-text-align-left\">\u0130smail Sak      : 0 (546) 450 06 90<\/p>\n<\/blockquote>\n\n\n\n<div style=\"height:100px\" aria-hidden=\"true\" class=\"wp-block-spacer\"><\/div>\n\n\n\n<div class=\"wp-block-columns are-vertically-aligned-center is-layout-flex wp-container-core-columns-is-layout-28f84493 wp-block-columns-is-layout-flex\">\n<div class=\"wp-block-column is-vertically-aligned-center is-layout-flow wp-block-column-is-layout-flow\">\n<iframe src=\"https:\/\/www.google.com\/maps\/embed?pb=!1m18!1m12!1m3!1d190.29437246935174!2d28.96132406833513!3d40.25997674092441!2m3!1f0!2f0!3f0!3m2!1i1024!2i768!4f13.1!3m3!1m2!1s0x14ca150cff2660cd%3A0x42a561080f56bacb!2sSAK%20ELEKTR%C4%B0K%20AYDINLATMA!5e0!3m2!1str!2str!4v1672181214889!5m2!1str!2str\" width=\"600\" height=\"450\" style=\"border:0;\" allowfullscreen=\"\" loading=\"lazy\" referrerpolicy=\"no-referrer-when-downgrade\"><\/iframe>\n<\/div>\n<\/div>\n\n\n\n<div style=\"height:100px\" aria-hidden=\"true\" class=\"wp-block-spacer\"><\/div>\n\n\n\n<div class=\"wp-block-columns is-layout-flex wp-container-core-columns-is-layout-28f84493 wp-block-columns-is-layout-flex\">\n<div class=\"wp-block-column is-layout-flow wp-block-column-is-layout-flow\">\n<figure class=\"wp-block-gallery has-nested-images columns-default is-cropped wp-block-gallery-1 is-layout-flex wp-block-gallery-is-layout-flex\">\n<figure class=\"wp-block-image size-large\"><img loading=\"lazy\" decoding=\"async\" width=\"1024\" height=\"702\" data-id=\"578\" src=\"https:\/\/www.sakelektrikmuhendislik.com\/wp-content\/uploads\/2025\/05\/Ekran-goruntusu-2025-05-27-135311-1024x702.jpg\" alt=\"\" class=\"wp-image-578\" srcset=\"https:\/\/www.sakelektrikmuhendislik.com\/wp-content\/uploads\/2025\/05\/Ekran-goruntusu-2025-05-27-135311-1024x702.jpg 1024w, https:\/\/www.sakelektrikmuhendislik.com\/wp-content\/uploads\/2025\/05\/Ekran-goruntusu-2025-05-27-135311-300x206.jpg 300w, https:\/\/www.sakelektrikmuhendislik.com\/wp-content\/uploads\/2025\/05\/Ekran-goruntusu-2025-05-27-135311-768x526.jpg 768w, https:\/\/www.sakelektrikmuhendislik.com\/wp-content\/uploads\/2025\/05\/Ekran-goruntusu-2025-05-27-135311.jpg 1080w\" sizes=\"auto, (max-width: 1024px) 100vw, 1024px\" \/><\/figure>\n<\/figure>\n<\/div>\n<\/div>\n","protected":false},"excerpt":{"rendered":"<p>Ma\u011faza Yol\u00e7at\u0131 Mah. ATAT\u00dcRK(330) Cad. NO:26-34A, 16110 Ni\u0307l\u00fcfer\/BURSA Mail sakelektrik@gmail.com info@sakelektrikmuhendislik.com Cep Ramazan Sak : 0 (543) 491 44 19 \u0130smail Sak : 0 (546) 450 06 90<\/p>\n","protected":false},"author":1,"featured_media":0,"parent":0,"menu_order":0,"comment_status":"closed","ping_status":"closed","template":"","meta":{"footnotes":""},"class_list":["post-24","page","type-page","status-publish","hentry"],"_links":{"self":[{"href":"https:\/\/www.sakelektrikmuhendislik.com\/index.php\/wp-json\/wp\/v2\/pages\/24","targetHints":{"allow":["GET"]}}],"collection":[{"href":"https:\/\/www.sakelektrikmuhendislik.com\/index.php\/wp-json\/wp\/v2\/pages"}],"about":[{"href":"https:\/\/www.sakelektrikmuhendislik.com\/index.php\/wp-json\/wp\/v2\/types\/page"}],"author":[{"embeddable":true,"href":"https:\/\/www.sakelektrikmuhendislik.com\/index.php\/wp-json\/wp\/v2\/users\/1"}],"replies":[{"embeddable":true,"href":"https:\/\/www.sakelektrikmuhendislik.com\/index.php\/wp-json\/wp\/v2\/comments?post=24"}],"version-history":[{"count":19,"href":"https:\/\/www.sakelektrikmuhendislik.com\/index.php\/wp-json\/wp\/v2\/pages\/24\/revisions"}],"predecessor-version":[{"id":579,"href":"https:\/\/www.sakelektrikmuhendislik.com\/index.php\/wp-json\/wp\/v2\/pages\/24\/revisions\/579"}],"wp:attachment":[{"href":"https:\/\/www.sakelektrikmuhendislik.com\/index.php\/wp-json\/wp\/v2\/media?parent=24"}],"curies":[{"name":"wp","href":"https:\/\/api.w.org\/{rel}","templated":true}]}}